{"id":17768,"date":"2024-07-16T06:23:22","date_gmt":"2024-07-16T06:23:22","guid":{"rendered":"https:\/\/llantaselcuervo.es\/index.php\/producto\/cross-b\/"},"modified":"2024-07-16T06:23:35","modified_gmt":"2024-07-16T06:23:35","slug":"cross-b","status":"publish","type":"product","link":"https:\/\/llantaselcuervo.es\/index.php\/producto\/cross-b\/","title":{"rendered":"CROSS \/B"},"content":{"rendered":"<p>CROSS es una llanta dedicada a los modelos de RANGE ROVER SUV destaca por su sistema  O.E. FIT, que asegura el montaje de la torniller\u00eda original y la posibilidad de utilizar las tapas originales del veh\u00edculo as\u00ed como seguir la l\u00ednea de la gama RANGE ROVER.<\/p>\n","protected":false},"excerpt":{"rendered":"<p>1835<\/p>\n","protected":false},"featured_media":17770,"comment_status":"closed","ping_status":"open","template":"","meta":[],"pwb-brand":[],"product_brand":[],"product_cat":[115,79],"product_tag":[],"class_list":{"0":"post-17768","1":"product","2":"type-product","3":"status-publish","4":"has-post-thumbnail","6":"product_cat-gmp","7":"product_cat-llantas","9":"first","10":"instock","11":"product-type-simple"},"brands":[],"_links":{"self":[{"href":"https:\/\/llantaselcuervo.es\/index.php\/wp-json\/wp\/v2\/product\/17768","targetHints":{"allow":["GET"]}}],"collection":[{"href":"https:\/\/llantaselcuervo.es\/index.php\/wp-json\/wp\/v2\/product"}],"about":[{"href":"https:\/\/llantaselcuervo.es\/index.php\/wp-json\/wp\/v2\/types\/product"}],"replies":[{"embeddable":true,"href":"https:\/\/llantaselcuervo.es\/index.php\/wp-json\/wp\/v2\/comments?post=17768"}],"version-history":[{"count":1,"href":"https:\/\/llantaselcuervo.es\/index.php\/wp-json\/wp\/v2\/product\/17768\/revisions"}],"predecessor-version":[{"id":17769,"href":"https:\/\/llantaselcuervo.es\/index.php\/wp-json\/wp\/v2\/product\/17768\/revisions\/17769"}],"wp:featuredmedia":[{"embeddable":true,"href":"https:\/\/llantaselcuervo.es\/index.php\/wp-json\/wp\/v2\/media\/17770"}],"wp:attachment":[{"href":"https:\/\/llantaselcuervo.es\/index.php\/wp-json\/wp\/v2\/media?parent=17768"}],"wp:term":[{"taxonomy":"pwb-brand","embeddable":true,"href":"https:\/\/llantaselcuervo.es\/index.php\/wp-json\/wp\/v2\/pwb-brand?post=17768"},{"taxonomy":"product_brand","embeddable":true,"href":"https:\/\/llantaselcuervo.es\/index.php\/wp-json\/wp\/v2\/product_brand?post=17768"},{"taxonomy":"product_cat","embeddable":true,"href":"https:\/\/llantaselcuervo.es\/index.php\/wp-json\/wp\/v2\/product_cat?post=17768"},{"taxonomy":"product_tag","embeddable":true,"href":"https:\/\/llantaselcuervo.es\/index.php\/wp-json\/wp\/v2\/product_tag?post=17768"}],"curies":[{"name":"wp","href":"https:\/\/api.w.org\/{rel}","templated":true}]}}