{"id":17774,"date":"2024-07-16T06:23:37","date_gmt":"2024-07-16T06:23:37","guid":{"rendered":"https:\/\/llantaselcuervo.es\/index.php\/producto\/paky-bp\/"},"modified":"2024-07-16T06:23:38","modified_gmt":"2024-07-16T06:23:38","slug":"paky-bp","status":"publish","type":"product","link":"https:\/\/llantaselcuervo.es\/index.php\/producto\/paky-bp\/","title":{"rendered":"PAKY \/BP"},"content":{"rendered":"<p>Modelo dedicado a las marcas VW &#8211; AUDI. Llanta que destaca su sistema  O.E. FIT, que asegura el montaje de la torniller\u00eda original y la posibilidad de utilizar las tapas originales del veh\u00edculo. Elegante y deportivo al mismo tiempo es uno de los modelos m\u00e1s vendidos.<\/p>\n","protected":false},"excerpt":{"rendered":"<p>1838<\/p>\n","protected":false},"featured_media":17776,"comment_status":"closed","ping_status":"open","template":"","meta":[],"pwb-brand":[],"product_brand":[],"product_cat":[115,79],"product_tag":[],"class_list":{"0":"post-17774","1":"product","2":"type-product","3":"status-publish","4":"has-post-thumbnail","6":"product_cat-gmp","7":"product_cat-llantas","9":"first","10":"instock","11":"product-type-simple"},"brands":[],"_links":{"self":[{"href":"https:\/\/llantaselcuervo.es\/index.php\/wp-json\/wp\/v2\/product\/17774","targetHints":{"allow":["GET"]}}],"collection":[{"href":"https:\/\/llantaselcuervo.es\/index.php\/wp-json\/wp\/v2\/product"}],"about":[{"href":"https:\/\/llantaselcuervo.es\/index.php\/wp-json\/wp\/v2\/types\/product"}],"replies":[{"embeddable":true,"href":"https:\/\/llantaselcuervo.es\/index.php\/wp-json\/wp\/v2\/comments?post=17774"}],"version-history":[{"count":1,"href":"https:\/\/llantaselcuervo.es\/index.php\/wp-json\/wp\/v2\/product\/17774\/revisions"}],"predecessor-version":[{"id":17775,"href":"https:\/\/llantaselcuervo.es\/index.php\/wp-json\/wp\/v2\/product\/17774\/revisions\/17775"}],"wp:featuredmedia":[{"embeddable":true,"href":"https:\/\/llantaselcuervo.es\/index.php\/wp-json\/wp\/v2\/media\/17776"}],"wp:attachment":[{"href":"https:\/\/llantaselcuervo.es\/index.php\/wp-json\/wp\/v2\/media?parent=17774"}],"wp:term":[{"taxonomy":"pwb-brand","embeddable":true,"href":"https:\/\/llantaselcuervo.es\/index.php\/wp-json\/wp\/v2\/pwb-brand?post=17774"},{"taxonomy":"product_brand","embeddable":true,"href":"https:\/\/llantaselcuervo.es\/index.php\/wp-json\/wp\/v2\/product_brand?post=17774"},{"taxonomy":"product_cat","embeddable":true,"href":"https:\/\/llantaselcuervo.es\/index.php\/wp-json\/wp\/v2\/product_cat?post=17774"},{"taxonomy":"product_tag","embeddable":true,"href":"https:\/\/llantaselcuervo.es\/index.php\/wp-json\/wp\/v2\/product_tag?post=17774"}],"curies":[{"name":"wp","href":"https:\/\/api.w.org\/{rel}","templated":true}]}}