{"id":17825,"date":"2024-07-16T06:23:37","date_gmt":"2024-07-16T06:23:37","guid":{"rendered":"https:\/\/llantaselcuervo.es\/index.php\/producto\/dynamik-s\/"},"modified":"2024-07-16T06:23:49","modified_gmt":"2024-07-16T06:23:49","slug":"dynamik-s","status":"publish","type":"product","link":"https:\/\/llantaselcuervo.es\/index.php\/producto\/dynamik-s\/","title":{"rendered":"DYNAMIK \/S"},"content":{"rendered":"<p>DYNAMIK es una llanta dedicada a los modelos de BMW y RANGE ROVER SUV destaca por permitir el montaje de neum\u00e1ticos \u0093run flat\u0094 gracias a la tecnolog\u00eda EH2+ aplicada al canal de la llanta as\u00ed como por su sistema  O.E. FIT, que asegura el montaje de la torniller\u00eda original y la posibilidad de utilizar las tapas originales del veh\u00edculo<\/p>\n","protected":false},"excerpt":{"rendered":"<p>1863<\/p>\n","protected":false},"featured_media":17827,"comment_status":"closed","ping_status":"open","template":"","meta":[],"pwb-brand":[],"product_brand":[],"product_cat":[115,79],"product_tag":[],"class_list":{"0":"post-17825","1":"product","2":"type-product","3":"status-publish","4":"has-post-thumbnail","6":"product_cat-gmp","7":"product_cat-llantas","9":"first","10":"instock","11":"product-type-simple"},"brands":[],"_links":{"self":[{"href":"https:\/\/llantaselcuervo.es\/index.php\/wp-json\/wp\/v2\/product\/17825","targetHints":{"allow":["GET"]}}],"collection":[{"href":"https:\/\/llantaselcuervo.es\/index.php\/wp-json\/wp\/v2\/product"}],"about":[{"href":"https:\/\/llantaselcuervo.es\/index.php\/wp-json\/wp\/v2\/types\/product"}],"replies":[{"embeddable":true,"href":"https:\/\/llantaselcuervo.es\/index.php\/wp-json\/wp\/v2\/comments?post=17825"}],"version-history":[{"count":1,"href":"https:\/\/llantaselcuervo.es\/index.php\/wp-json\/wp\/v2\/product\/17825\/revisions"}],"predecessor-version":[{"id":17826,"href":"https:\/\/llantaselcuervo.es\/index.php\/wp-json\/wp\/v2\/product\/17825\/revisions\/17826"}],"wp:featuredmedia":[{"embeddable":true,"href":"https:\/\/llantaselcuervo.es\/index.php\/wp-json\/wp\/v2\/media\/17827"}],"wp:attachment":[{"href":"https:\/\/llantaselcuervo.es\/index.php\/wp-json\/wp\/v2\/media?parent=17825"}],"wp:term":[{"taxonomy":"pwb-brand","embeddable":true,"href":"https:\/\/llantaselcuervo.es\/index.php\/wp-json\/wp\/v2\/pwb-brand?post=17825"},{"taxonomy":"product_brand","embeddable":true,"href":"https:\/\/llantaselcuervo.es\/index.php\/wp-json\/wp\/v2\/product_brand?post=17825"},{"taxonomy":"product_cat","embeddable":true,"href":"https:\/\/llantaselcuervo.es\/index.php\/wp-json\/wp\/v2\/product_cat?post=17825"},{"taxonomy":"product_tag","embeddable":true,"href":"https:\/\/llantaselcuervo.es\/index.php\/wp-json\/wp\/v2\/product_tag?post=17825"}],"curies":[{"name":"wp","href":"https:\/\/api.w.org\/{rel}","templated":true}]}}